{"id":41,"date":"2023-05-19T14:30:26","date_gmt":"2023-05-19T12:30:26","guid":{"rendered":"https:\/\/lead-agency.local\/?page_id=41"},"modified":"2023-06-13T22:00:54","modified_gmt":"2023-06-13T20:00:54","slug":"mentions-legales","status":"publish","type":"page","link":"https:\/\/lead-agency.pro\/nl\/mentions-legales\/","title":{"rendered":"Juridische informatie"},"content":{"rendered":"<p>Ingangsdatum: 13-jun-2023<br>Laatst bijgewerkt op: 13-jun-2023<\/p>\n\n\n\n<h2 class=\"wp-block-heading\">Wat zijn cookies?<\/h2>\n\n\n\n<p>Dit Cookiebeleid legt uit wat cookies zijn en hoe we ze gebruiken, welke soorten cookies we gebruiken, d.w.z. welke informatie we verzamelen met behulp van cookies en hoe deze informatie wordt gebruikt, en hoe u de cookie-instellingen kunt beheren. Cookies zijn kleine tekstbestanden die worden gebruikt om kleine stukjes informatie op te slaan. Ze worden op uw apparaat opgeslagen wanneer de website in uw browser wordt geladen. Deze cookies helpen ons om de website goed te laten werken, veiliger te maken, een betere gebruikerservaring te bieden en te begrijpen hoe de website werkt en te analyseren wat werkt en wat moet worden verbeterd.<\/p>\n\n\n\n<h2 class=\"wp-block-heading\">Hoe gebruiken we cookies?<\/h2>\n\n\n\n<p>Zoals de meeste online diensten, gebruikt onze website om een aantal redenen zowel eigen cookies als cookies van derden. Onze eigen cookies zijn voornamelijk nodig om de website goed te laten functioneren en ze verzamelen geen persoonlijk identificeerbare informatie. De cookies van derden die op onze website worden gebruikt, worden voornamelijk gebruikt om te begrijpen hoe de website werkt, hoe u met onze website omgaat, om de veiligheid van onze diensten te garanderen, om advertenties aan te bieden die relevant voor u zijn en, kortom, om u een betere en prettigere gebruikerservaring te bieden en om uw toekomstige interacties met onze website te versnellen.<\/p>\n\n\n\n<h2 class=\"wp-block-heading\">Juridische informatie &nbsp; <\/h2>\n\n\n\n<p>Cookievoorkeuren beheren Cookie-instellingen U kunt uw cookievoorkeuren op elk gewenst moment wijzigen door op de bovenstaande knop te klikken. Zo kunt u terugkeren naar de banner voor cookietoestemming en uw voorkeuren wijzigen of uw toestemming onmiddellijk intrekken.<\/p>\n\n\n\n<p>Daarnaast bieden browsers verschillende methoden om de cookies die websites gebruiken te blokkeren en te verwijderen. U kunt uw browserinstellingen aanpassen om cookies te blokkeren\/verwijderen. Hieronder vindt u links naar ondersteunende documenten voor het beheren en verwijderen van cookies voor de belangrijkste webbrowsers:<\/p>\n\n\n\n<ul class=\"wp-block-list\">\n<li>Chroom : <a href=\"https:\/\/support.google.com\/accounts\/answer\/32050\" target=\"_blank\" rel=\"noopener\">https:\/\/support.google.com\/accounts\/answer\/32050<\/a><\/li>\n\n\n\n<li>Safari : <a href=\"https:\/\/support.apple.com\/en-in\/guide\/safari\/sfri11471\/mac\" target=\"_blank\" rel=\"noopener\">https:\/\/support.apple.com\/en-in\/guide\/safari\/sfri11471\/mac<\/a><\/li>\n\n\n\n<li>Firefox : <a href=\"https:\/\/support.mozilla.org\/en-US\/kb\/clear-cookies-and-site-data-firefox?redirectslug=delete-cookies-remove-info-websites-stored&amp;redirectlocale=en-US\" target=\"_blank\" rel=\"noopener\">https:\/\/support.mozilla.org\/en-US\/kb\/clear-cookies-and-site-data-firefox?redirectslug=delete-cookies-remove-info-websites-stored&amp;redirectlocale=en-US<\/a><\/li>\n\n\n\n<li>Internet Explorer : <a href=\"https:\/\/support.microsoft.com\/en-us\/topic\/how-to-delete-cookie-files-in-internet-explorer-bca9446f-d873-78de-77ba-d42645fa52fc\" target=\"_blank\" rel=\"noopener\">https:\/\/support.microsoft.com\/en-us\/topic\/how-to-delete-cookie-files-in-internet-explorer-bca9446f-d873-78de-77ba-d42645fa52fc<\/a><\/li>\n<\/ul>\n\n\n\n<p>Als u een andere webbrowser gebruikt, raadpleeg dan de offici\u00eble ondersteuningsdocumenten voor uw browser.<\/p>","protected":false},"excerpt":{"rendered":"<p>Effective Date: 13-Jun-2023Last Updated: 13-Jun-2023 Qu'est-ce que les cookies ? Cette Politique de Cookies explique ce que sont les cookies et comment nous les utilisons, les types de cookies que nous utilisons, c'est-\u00e0-dire les informations que nous recueillons en utilisant des cookies et comment ces informations sont utilis\u00e9es, ainsi que comment g\u00e9rer les param\u00e8tres de [&hellip;]<\/p>\n","protected":false},"author":1,"featured_media":0,"parent":0,"menu_order":0,"comment_status":"closed","ping_status":"closed","template":"","meta":{"_acf_changed":false,"footnotes":""},"class_list":["post-41","page","type-page","status-publish","hentry"],"acf":[],"_links":{"self":[{"href":"https:\/\/lead-agency.pro\/nl\/wp-json\/wp\/v2\/pages\/41","targetHints":{"allow":["GET"]}}],"collection":[{"href":"https:\/\/lead-agency.pro\/nl\/wp-json\/wp\/v2\/pages"}],"about":[{"href":"https:\/\/lead-agency.pro\/nl\/wp-json\/wp\/v2\/types\/page"}],"author":[{"embeddable":true,"href":"https:\/\/lead-agency.pro\/nl\/wp-json\/wp\/v2\/users\/1"}],"replies":[{"embeddable":true,"href":"https:\/\/lead-agency.pro\/nl\/wp-json\/wp\/v2\/comments?post=41"}],"version-history":[{"count":3,"href":"https:\/\/lead-agency.pro\/nl\/wp-json\/wp\/v2\/pages\/41\/revisions"}],"predecessor-version":[{"id":416,"href":"https:\/\/lead-agency.pro\/nl\/wp-json\/wp\/v2\/pages\/41\/revisions\/416"}],"wp:attachment":[{"href":"https:\/\/lead-agency.pro\/nl\/wp-json\/wp\/v2\/media?parent=41"}],"curies":[{"name":"wp","href":"https:\/\/api.w.org\/{rel}","templated":true}]}}